{"id":3691,"date":"2025-06-10T19:28:42","date_gmt":"2025-06-10T19:28:42","guid":{"rendered":"https:\/\/sevilengrup.com\/?page_id=3691"},"modified":"2025-07-05T19:12:36","modified_gmt":"2025-07-05T19:12:36","slug":"proje2","status":"publish","type":"page","link":"https:\/\/dmcarkyapi.com\/?page_id=3691","title":{"rendered":"Proje 2"},"content":{"rendered":"\t\t<div data-elementor-type=\"wp-page\" data-elementor-id=\"3691\" class=\"elementor elementor-3691\" data-elementor-post-type=\"page\">\n\t\t\t\t<div class=\"elementor-element elementor-element-3f53e567 e-flex e-con-boxed e-con e-parent\" data-id=\"3f53e567\" data-element_type=\"container\" data-settings=\"{&quot;background_background&quot;:&quot;classic&quot;}\">\r\n\t\t\t\t\t<div class=\"e-con-inner\">\r\n\t\t<div class=\"elementor-element elementor-element-2327a63 e-con-full e-flex e-con e-child\" data-id=\"2327a63\" data-element_type=\"container\">\r\n\t\t<div class=\"elementor-element elementor-element-3a3e8ace e-con-full e-flex e-con e-child\" data-id=\"3a3e8ace\" data-element_type=\"container\" data-settings=\"{&quot;background_background&quot;:&quot;classic&quot;}\">\r\n\t\t\t\t<div class=\"elementor-element elementor-element-42d45ac elementor-widget elementor-widget-image\" data-id=\"42d45ac\" data-element_type=\"widget\" data-widget_type=\"image.default\">\n\t\t\t\t\t\t\t\t\t\t\t\t\t\t\t<img fetchpriority=\"high\" decoding=\"async\" width=\"2450\" height=\"1378\" src=\"https:\/\/dmcarkyapi.com\/wp-content\/uploads\/2025\/06\/4-2.jpg\" class=\"attachment-full size-full wp-image-3668\" alt=\"\" srcset=\"https:\/\/dmcarkyapi.com\/wp-content\/uploads\/2025\/06\/4-2.jpg 2450w, https:\/\/dmcarkyapi.com\/wp-content\/uploads\/2025\/06\/4-2-1024x576.jpg 1024w, https:\/\/dmcarkyapi.com\/wp-content\/uploads\/2025\/06\/4-2-768x432.jpg 768w, https:\/\/dmcarkyapi.com\/wp-content\/uploads\/2025\/06\/4-2-1536x864.jpg 1536w, https:\/\/dmcarkyapi.com\/wp-content\/uploads\/2025\/06\/4-2-2048x1152.jpg 2048w, https:\/\/dmcarkyapi.com\/wp-content\/uploads\/2025\/06\/4-2-640x360.jpg 640w, https:\/\/dmcarkyapi.com\/wp-content\/uploads\/2025\/06\/4-2-400x225.jpg 400w, https:\/\/dmcarkyapi.com\/wp-content\/uploads\/2025\/06\/4-2-367x206.jpg 367w\" sizes=\"(max-width: 2450px) 100vw, 2450px\" \/>\t\t\t\t\t\t\t\t\t\t\t\t\t\t\t<\/div>\n\t\t\t\t<\/div>\n\t\t\t\t<\/div>\n\t\t<div class=\"elementor-element elementor-element-1e8ab80f e-con-full e-flex e-con e-child\" data-id=\"1e8ab80f\" data-element_type=\"container\">\r\n\t\t<div class=\"elementor-element elementor-element-5f2c62af e-con-full e-flex e-con e-child\" data-id=\"5f2c62af\" data-element_type=\"container\">\r\n\t\t\t\t<div class=\"elementor-element elementor-element-5793e3bc elementor-widget elementor-widget-theme-post-title elementor-page-title elementor-widget-heading\" data-id=\"5793e3bc\" data-element_type=\"widget\" data-widget_type=\"theme-post-title.default\">\n\t\t\t\t\t<h1 class=\"elementor-heading-title elementor-size-default\">Proje 2<\/h1>\t\t\t\t<\/div>\n\t\t\t\t<div class=\"elementor-element elementor-element-383b8d53 elementor-widget elementor-widget-text-editor\" data-id=\"383b8d53\" data-element_type=\"widget\" data-widget_type=\"text-editor.default\">\n\t\t\t\t\t\t\t\t\t<header class=\"n-title-grid n-align-left n-grid-item\" data-testid=\"title\"><div class=\"n-gallery-hero-details-list\"><div class=\"n-gallery-hero-details-list\"><div class=\"n-gallery-hero-details-list\"><p><strong>Lorem Ipsum<\/strong>\u00a0is simply dummy text of the printing and typesetting industry. Lorem Ipsum has been the industry&#8217;s standard dummy text ever since the 1500s, when an unknown printer took a galley of type and scrambled it to make a type specimen book. It has survived not only five centuries, but also the leap into electronic typesetting, remaining essentially unchanged.\u00a0<\/p><\/div><\/div><\/div><\/header>\t\t\t\t\t\t\t\t<\/div>\n\t\t\t\t<div class=\"elementor-element elementor-element-4958a5a elementor-align-justify elementor-widget elementor-widget-button\" data-id=\"4958a5a\" data-element_type=\"widget\" data-widget_type=\"button.default\">\n\t\t\t\t\t\t\t\t\t\t<a class=\"elementor-button elementor-button-link elementor-size-sm\" href=\"https:\/\/dmcarkyapi.com\/?page_id=61\" target=\"_blank\">\n\t\t\t\t\t\t<span class=\"elementor-button-content-wrapper\">\n\t\t\t\t\t\t\t\t\t<span class=\"elementor-button-text\">\u0130leti\u015fime Ge\u00e7<\/span>\n\t\t\t\t\t<\/span>\n\t\t\t\t\t<\/a>\n\t\t\t\t\t\t\t\t<\/div>\n\t\t\t\t<\/div>\n\t\t\t\t<\/div>\n\t\t\t\t\t<\/div>\n\t\t\t\t<\/div>\n\t\t<div class=\"elementor-element elementor-element-52e8f26 e-flex e-con-boxed e-con e-parent\" data-id=\"52e8f26\" data-element_type=\"container\">\r\n\t\t\t\t\t<div class=\"e-con-inner\">\r\n\t\t\t\t<div class=\"elementor-element elementor-element-3d774a1 elementor-arrows-position-outside elementor-pagination-position-outside elementor-widget elementor-widget-image-carousel\" data-id=\"3d774a1\" data-element_type=\"widget\" data-settings=\"{&quot;image_spacing_custom&quot;:{&quot;unit&quot;:&quot;px&quot;,&quot;size&quot;:25,&quot;sizes&quot;:[]},&quot;navigation&quot;:&quot;both&quot;,&quot;autoplay&quot;:&quot;yes&quot;,&quot;pause_on_hover&quot;:&quot;yes&quot;,&quot;pause_on_interaction&quot;:&quot;yes&quot;,&quot;autoplay_speed&quot;:5000,&quot;infinite&quot;:&quot;yes&quot;,&quot;speed&quot;:500,&quot;image_spacing_custom_tablet&quot;:{&quot;unit&quot;:&quot;px&quot;,&quot;size&quot;:&quot;&quot;,&quot;sizes&quot;:[]},&quot;image_spacing_custom_mobile&quot;:{&quot;unit&quot;:&quot;px&quot;,&quot;size&quot;:&quot;&quot;,&quot;sizes&quot;:[]}}\" data-widget_type=\"image-carousel.default\">\n\t\t\t\t\t\t\t<div class=\"elementor-image-carousel-wrapper swiper\" role=\"region\" aria-roledescription=\"carousel\" aria-label=\"Resim D\u00f6ng\u00fcs\u00fc\" dir=\"ltr\">\n\t\t\t<div class=\"elementor-image-carousel swiper-wrapper\" aria-live=\"off\">\n\t\t\t\t\t\t\t\t<div class=\"swiper-slide\" role=\"group\" aria-roledescription=\"slide\" aria-label=\"1 \/ 6\"><figure class=\"swiper-slide-inner\"><img decoding=\"async\" class=\"swiper-slide-image\" src=\"https:\/\/dmcarkyapi.com\/wp-content\/uploads\/2025\/06\/4-2.jpg\" alt=\"4\" \/><\/figure><\/div><div class=\"swiper-slide\" role=\"group\" aria-roledescription=\"slide\" aria-label=\"2 \/ 6\"><figure class=\"swiper-slide-inner\"><img decoding=\"async\" class=\"swiper-slide-image\" src=\"https:\/\/dmcarkyapi.com\/wp-content\/uploads\/2025\/06\/5-1-scaled-1.jpg\" alt=\"5\" \/><\/figure><\/div><div class=\"swiper-slide\" role=\"group\" aria-roledescription=\"slide\" aria-label=\"3 \/ 6\"><figure class=\"swiper-slide-inner\"><img decoding=\"async\" class=\"swiper-slide-image\" src=\"https:\/\/dmcarkyapi.com\/wp-content\/uploads\/2025\/06\/7-scaled-1.jpg\" alt=\"7\" \/><\/figure><\/div><div class=\"swiper-slide\" role=\"group\" aria-roledescription=\"slide\" aria-label=\"4 \/ 6\"><figure class=\"swiper-slide-inner\"><img decoding=\"async\" class=\"swiper-slide-image\" src=\"https:\/\/dmcarkyapi.com\/wp-content\/uploads\/2025\/06\/9-scaled-1.jpg\" alt=\"9\" \/><\/figure><\/div><div class=\"swiper-slide\" role=\"group\" aria-roledescription=\"slide\" aria-label=\"5 \/ 6\"><figure class=\"swiper-slide-inner\"><img decoding=\"async\" class=\"swiper-slide-image\" src=\"https:\/\/dmcarkyapi.com\/wp-content\/uploads\/2025\/06\/10.1-scaled-1.jpg\" alt=\"10.1\" \/><\/figure><\/div><div class=\"swiper-slide\" role=\"group\" aria-roledescription=\"slide\" aria-label=\"6 \/ 6\"><figure class=\"swiper-slide-inner\"><img decoding=\"async\" class=\"swiper-slide-image\" src=\"https:\/\/dmcarkyapi.com\/wp-content\/uploads\/2025\/06\/14-scaled-1.jpg\" alt=\"14\" \/><\/figure><\/div>\t\t\t<\/div>\n\t\t\t\t\t\t\t\t\t\t\t\t<div class=\"elementor-swiper-button elementor-swiper-button-prev\" role=\"button\" tabindex=\"0\">\n\t\t\t\t\t\t<svg aria-hidden=\"true\" class=\"e-font-icon-svg e-eicon-chevron-left\" viewBox=\"0 0 1000 1000\" xmlns=\"http:\/\/www.w3.org\/2000\/svg\"><path d=\"M646 125C629 125 613 133 604 142L308 442C296 454 292 471 292 487 292 504 296 521 308 533L604 854C617 867 629 875 646 875 663 875 679 871 692 858 704 846 713 829 713 812 713 796 708 779 692 767L438 487 692 225C700 217 708 204 708 187 708 171 704 154 692 142 675 129 663 125 646 125Z\"><\/path><\/svg>\t\t\t\t\t<\/div>\n\t\t\t\t\t<div class=\"elementor-swiper-button elementor-swiper-button-next\" role=\"button\" tabindex=\"0\">\n\t\t\t\t\t\t<svg aria-hidden=\"true\" class=\"e-font-icon-svg e-eicon-chevron-right\" viewBox=\"0 0 1000 1000\" xmlns=\"http:\/\/www.w3.org\/2000\/svg\"><path d=\"M696 533C708 521 713 504 713 487 713 471 708 454 696 446L400 146C388 133 375 125 354 125 338 125 325 129 313 142 300 154 292 171 292 187 292 204 296 221 308 233L563 492 304 771C292 783 288 800 288 817 288 833 296 850 308 863 321 871 338 875 354 875 371 875 388 867 400 854L696 533Z\"><\/path><\/svg>\t\t\t\t\t<\/div>\n\t\t\t\t\n\t\t\t\t\t\t\t\t\t<div class=\"swiper-pagination\"><\/div>\n\t\t\t\t\t\t\t\t\t<\/div>\n\t\t\t\t\t\t<\/div>\n\t\t\t\t\t<\/div>\n\t\t\t\t<\/div>\n\t\t\t\t<\/div>\n\t\t","protected":false},"excerpt":{"rendered":"<p>Lorem Ipsum\u00a0is simply dummy text of the printing and typesetting industry. Lorem Ipsum has been the industry&#8217;s standard dummy text ever since the 1500s, when an unknown printer took a galley of type and scrambled it to make a type specimen book. It has survived not only five centuries, but also the leap into electronic [&hellip;]<\/p>\n","protected":false},"author":1,"featured_media":0,"parent":3137,"menu_order":0,"comment_status":"closed","ping_status":"closed","template":"","meta":{"footnotes":""},"class_list":["post-3691","page","type-page","status-publish","hentry"],"_links":{"self":[{"href":"https:\/\/dmcarkyapi.com\/index.php?rest_route=\/wp\/v2\/pages\/3691","targetHints":{"allow":["GET"]}}],"collection":[{"href":"https:\/\/dmcarkyapi.com\/index.php?rest_route=\/wp\/v2\/pages"}],"about":[{"href":"https:\/\/dmcarkyapi.com\/index.php?rest_route=\/wp\/v2\/types\/page"}],"author":[{"embeddable":true,"href":"https:\/\/dmcarkyapi.com\/index.php?rest_route=\/wp\/v2\/users\/1"}],"replies":[{"embeddable":true,"href":"https:\/\/dmcarkyapi.com\/index.php?rest_route=%2Fwp%2Fv2%2Fcomments&post=3691"}],"version-history":[{"count":4,"href":"https:\/\/dmcarkyapi.com\/index.php?rest_route=\/wp\/v2\/pages\/3691\/revisions"}],"predecessor-version":[{"id":3877,"href":"https:\/\/dmcarkyapi.com\/index.php?rest_route=\/wp\/v2\/pages\/3691\/revisions\/3877"}],"up":[{"embeddable":true,"href":"https:\/\/dmcarkyapi.com\/index.php?rest_route=\/wp\/v2\/pages\/3137"}],"wp:attachment":[{"href":"https:\/\/dmcarkyapi.com\/index.php?rest_route=%2Fwp%2Fv2%2Fmedia&parent=3691"}],"curies":[{"name":"wp","href":"https:\/\/api.w.org\/{rel}","templated":true}]}}