{"id":3591,"date":"2025-06-04T15:36:37","date_gmt":"2025-06-04T15:36:37","guid":{"rendered":"https:\/\/sevilengrup.com\/?page_id=3591"},"modified":"2025-07-05T21:00:16","modified_gmt":"2025-07-05T21:00:16","slug":"hakkimizda","status":"publish","type":"page","link":"https:\/\/dmcarkyapi.com\/?page_id=3591","title":{"rendered":"Hakk\u0131m\u0131zda"},"content":{"rendered":"\t\t<div data-elementor-type=\"wp-page\" data-elementor-id=\"3591\" class=\"elementor elementor-3591\" data-elementor-post-type=\"page\">\n\t\t\t\t<div class=\"elementor-element elementor-element-6cf0cf2 e-flex e-con-boxed e-con e-parent\" data-id=\"6cf0cf2\" data-element_type=\"container\">\r\n\t\t\t\t\t<div class=\"e-con-inner\">\r\n\t\t<div class=\"elementor-element elementor-element-54e98f4 e-con-full e-flex e-con e-child\" data-id=\"54e98f4\" data-element_type=\"container\">\r\n\t\t\t\t<div class=\"elementor-element elementor-element-4730f09 elementor-headline--style-highlight elementor-widget elementor-widget-animated-headline\" data-id=\"4730f09\" data-element_type=\"widget\" data-settings=\"{&quot;marker&quot;:&quot;underline&quot;,&quot;highlighted_text&quot;:&quot;Hakk\\u0131m\\u0131zda&quot;,&quot;headline_style&quot;:&quot;highlight&quot;,&quot;highlight_animation_duration&quot;:1200}\" data-widget_type=\"animated-headline.default\">\n\t\t\t\t\t\t\t<h3 class=\"elementor-headline\">\n\t\t\t\t<span class=\"elementor-headline-dynamic-wrapper elementor-headline-text-wrapper\">\n\t\t\t\t\t<span class=\"elementor-headline-dynamic-text elementor-headline-text-active\">Hakk\u0131m\u0131zda<\/span>\n\t\t\t\t<\/span>\n\t\t\t\t<\/h3>\n\t\t\t\t\t\t<\/div>\n\t\t\t\t<\/div>\n\t\t\t\t\t<\/div>\n\t\t\t\t<\/div>\n\t\t<div class=\"elementor-element elementor-element-996ee79 e-flex e-con-boxed e-con e-parent\" data-id=\"996ee79\" data-element_type=\"container\">\r\n\t\t\t\t\t<div class=\"e-con-inner\">\r\n\t\t<div class=\"elementor-element elementor-element-b1ca25a e-con-full e-flex e-con e-child\" data-id=\"b1ca25a\" data-element_type=\"container\">\r\n\t\t\t\t<div class=\"elementor-element elementor-element-23ca468 elementor-widget__width-initial elementor-widget elementor-widget-text-editor\" data-id=\"23ca468\" data-element_type=\"widget\" data-widget_type=\"text-editor.default\">\n\t\t\t\t\t\t\t\t\t<p class=\"p1\"><b>DMC Ark Yap\u0131<\/b>, in\u015faat ve taahh\u00fct sekt\u00f6r\u00fcnde kalite, g\u00fcven ve esteti\u011fi bir araya getirerek hayal edilen ya\u015fam alanlar\u0131n\u0131 ger\u00e7e\u011fe d\u00f6n\u00fc\u015ft\u00fcrmek amac\u0131yla kurulmu\u015ftur. Kuruldu\u011fu g\u00fcnden bu yana; konut, ticari yap\u0131lar, end\u00fcstriyel tesisler ve altyap\u0131 projelerinde \u00fcstlendi\u011fi t\u00fcm i\u015fleri zaman\u0131nda, eksiksiz ve y\u00fcksek standartlarda teslim etmeyi ilke edinmi\u015ftir.<\/p><p class=\"p1\">Her projede m\u00fchendislik bilgisiyle estetik anlay\u0131\u015f\u0131n\u0131 birle\u015ftiren firmam\u0131z, modern yap\u0131 tekniklerini ve s\u00fcrd\u00fcr\u00fclebilir \u00e7\u00f6z\u00fcmleri esas alarak kal\u0131c\u0131 yap\u0131lar in\u015fa etmektedir. <b>M\u00fc\u015fteri memnuniyetini<\/b>, <b>g\u00fcvenilir i\u015f ortakl\u0131klar\u0131n\u0131<\/b> ve <b>kaliteli malzeme ile profesyonel i\u015f\u00e7ili\u011fi<\/b> \u00f6n planda tutan yakla\u015f\u0131m\u0131m\u0131z, sekt\u00f6rdeki g\u00fc\u00e7l\u00fc konumumuzu peki\u015ftirmektedir.<\/p>\t\t\t\t\t\t\t\t<\/div>\n\t\t\t\t<\/div>\n\t\t<div class=\"elementor-element elementor-element-bc37f12 e-con-full e-flex e-con e-child\" data-id=\"bc37f12\" data-element_type=\"container\">\r\n\t\t\t\t<div class=\"elementor-element elementor-element-276eed5 elementor-widget elementor-widget-image\" data-id=\"276eed5\" data-element_type=\"widget\" data-widget_type=\"image.default\">\n\t\t\t\t\t\t\t\t\t\t\t\t\t\t\t<img fetchpriority=\"high\" decoding=\"async\" width=\"740\" height=\"740\" src=\"https:\/\/dmcarkyapi.com\/wp-content\/uploads\/2025\/06\/1-3.jpg\" class=\"attachment-large size-large wp-image-3410\" alt=\"\" srcset=\"https:\/\/dmcarkyapi.com\/wp-content\/uploads\/2025\/06\/1-3.jpg 740w, https:\/\/dmcarkyapi.com\/wp-content\/uploads\/2025\/06\/1-3-640x640.jpg 640w, https:\/\/dmcarkyapi.com\/wp-content\/uploads\/2025\/06\/1-3-400x400.jpg 400w, https:\/\/dmcarkyapi.com\/wp-content\/uploads\/2025\/06\/1-3-560x560.jpg 560w, https:\/\/dmcarkyapi.com\/wp-content\/uploads\/2025\/06\/1-3-367x367.jpg 367w\" sizes=\"(max-width: 740px) 100vw, 740px\" \/>\t\t\t\t\t\t\t\t\t\t\t\t\t\t\t<\/div>\n\t\t\t\t<\/div>\n\t\t\t\t\t<\/div>\n\t\t\t\t<\/div>\n\t\t<div class=\"elementor-element elementor-element-087078c e-flex e-con-boxed e-con e-parent\" data-id=\"087078c\" data-element_type=\"container\">\r\n\t\t\t\t\t<div class=\"e-con-inner\">\r\n\t\t\t\t<div class=\"elementor-element elementor-element-004fdab elementor-headline--style-highlight elementor-widget elementor-widget-animated-headline\" data-id=\"004fdab\" data-element_type=\"widget\" data-settings=\"{&quot;marker&quot;:&quot;underline&quot;,&quot;highlighted_text&quot;:&quot;Misyonumuz&quot;,&quot;headline_style&quot;:&quot;highlight&quot;,&quot;highlight_animation_duration&quot;:1200}\" data-widget_type=\"animated-headline.default\">\n\t\t\t\t\t\t\t<h3 class=\"elementor-headline\">\n\t\t\t\t<span class=\"elementor-headline-dynamic-wrapper elementor-headline-text-wrapper\">\n\t\t\t\t\t<span class=\"elementor-headline-dynamic-text elementor-headline-text-active\">Misyonumuz<\/span>\n\t\t\t\t<\/span>\n\t\t\t\t<\/h3>\n\t\t\t\t\t\t<\/div>\n\t\t\t\t\t<\/div>\n\t\t\t\t<\/div>\n\t\t<div class=\"elementor-element elementor-element-8f2a05b e-flex e-con-boxed e-con e-parent\" data-id=\"8f2a05b\" data-element_type=\"container\">\r\n\t\t\t\t\t<div class=\"e-con-inner\">\r\n\t\t<div class=\"elementor-element elementor-element-dc7be0f e-con-full e-flex e-con e-child\" data-id=\"dc7be0f\" data-element_type=\"container\">\r\n\t\t\t\t<div class=\"elementor-element elementor-element-82bbb5e elementor-widget elementor-widget-image\" data-id=\"82bbb5e\" data-element_type=\"widget\" data-widget_type=\"image.default\">\n\t\t\t\t\t\t\t\t\t\t\t\t\t\t\t<img decoding=\"async\" width=\"1024\" height=\"671\" src=\"https:\/\/dmcarkyapi.com\/wp-content\/uploads\/2025\/06\/architects-designers-working-office-scaled-1-1-1024x671.jpg\" class=\"attachment-large size-large wp-image-3414\" alt=\"\" srcset=\"https:\/\/dmcarkyapi.com\/wp-content\/uploads\/2025\/06\/architects-designers-working-office-scaled-1-1-1024x671.jpg 1024w, https:\/\/dmcarkyapi.com\/wp-content\/uploads\/2025\/06\/architects-designers-working-office-scaled-1-1-768x503.jpg 768w, https:\/\/dmcarkyapi.com\/wp-content\/uploads\/2025\/06\/architects-designers-working-office-scaled-1-1-640x419.jpg 640w, https:\/\/dmcarkyapi.com\/wp-content\/uploads\/2025\/06\/architects-designers-working-office-scaled-1-1-400x262.jpg 400w, https:\/\/dmcarkyapi.com\/wp-content\/uploads\/2025\/06\/architects-designers-working-office-scaled-1-1-367x240.jpg 367w, https:\/\/dmcarkyapi.com\/wp-content\/uploads\/2025\/06\/architects-designers-working-office-scaled-1-1-560x367.jpg 560w\" sizes=\"(max-width: 1024px) 100vw, 1024px\" \/>\t\t\t\t\t\t\t\t\t\t\t\t\t\t\t<\/div>\n\t\t\t\t<\/div>\n\t\t<div class=\"elementor-element elementor-element-9a3db79 e-con-full e-flex e-con e-child\" data-id=\"9a3db79\" data-element_type=\"container\">\r\n\t\t\t\t<div class=\"elementor-element elementor-element-77a9ef6 elementor-widget__width-initial elementor-widget elementor-widget-text-editor\" data-id=\"77a9ef6\" data-element_type=\"widget\" data-widget_type=\"text-editor.default\">\n\t\t\t\t\t\t\t\t\t<p class=\"p1\">Tecr\u00fcbeli kadromuz, teknik altyap\u0131m\u0131z ve proje y\u00f6netimindeki ba\u015far\u0131m\u0131z sayesinde, sadece bug\u00fcn\u00fc de\u011fil gelece\u011fi de in\u015fa ediyoruz.<\/p>\t\t\t\t\t\t\t\t<\/div>\n\t\t\t\t<\/div>\n\t\t\t\t\t<\/div>\n\t\t\t\t<\/div>\n\t\t<div class=\"elementor-element elementor-element-985f419 e-flex e-con-boxed e-con e-parent\" data-id=\"985f419\" data-element_type=\"container\">\r\n\t\t\t\t\t<div class=\"e-con-inner\">\r\n\t\t\t\t<div class=\"elementor-element elementor-element-ad12e8b elementor-headline--style-highlight elementor-widget elementor-widget-animated-headline\" data-id=\"ad12e8b\" data-element_type=\"widget\" data-settings=\"{&quot;marker&quot;:&quot;underline&quot;,&quot;highlighted_text&quot;:&quot;Vizyonumuz&quot;,&quot;headline_style&quot;:&quot;highlight&quot;,&quot;highlight_animation_duration&quot;:1200}\" data-widget_type=\"animated-headline.default\">\n\t\t\t\t\t\t\t<h3 class=\"elementor-headline\">\n\t\t\t\t<span class=\"elementor-headline-dynamic-wrapper elementor-headline-text-wrapper\">\n\t\t\t\t\t<span class=\"elementor-headline-dynamic-text elementor-headline-text-active\">Vizyonumuz<\/span>\n\t\t\t\t<\/span>\n\t\t\t\t<\/h3>\n\t\t\t\t\t\t<\/div>\n\t\t\t\t\t<\/div>\n\t\t\t\t<\/div>\n\t\t<div class=\"elementor-element elementor-element-707c2ba e-flex e-con-boxed e-con e-parent\" data-id=\"707c2ba\" data-element_type=\"container\">\r\n\t\t\t\t\t<div class=\"e-con-inner\">\r\n\t\t<div class=\"elementor-element elementor-element-74bd49c e-con-full e-flex e-con e-child\" data-id=\"74bd49c\" data-element_type=\"container\">\r\n\t\t\t\t<div class=\"elementor-element elementor-element-e52863c elementor-widget__width-initial elementor-widget elementor-widget-text-editor\" data-id=\"e52863c\" data-element_type=\"widget\" data-widget_type=\"text-editor.default\">\n\t\t\t\t\t\t\t\t\t<p class=\"p1\"><b>DMC Ark Yap\u0131<\/b> olarak vizyonumuz; her yap\u0131da sa\u011flaml\u0131k, her projede estetik ve her i\u015fte g\u00fcven sunmak. Misyonumuz ise, hayalinizdeki yap\u0131lar\u0131 sorunsuz ve profesyonel bir \u015fekilde ger\u00e7e\u011fe d\u00f6n\u00fc\u015ft\u00fcrmektir.<\/p>\t\t\t\t\t\t\t\t<\/div>\n\t\t\t\t<\/div>\n\t\t<div class=\"elementor-element elementor-element-78c429d e-con-full e-flex e-con e-child\" data-id=\"78c429d\" data-element_type=\"container\">\r\n\t\t\t\t<div class=\"elementor-element elementor-element-28cb376 elementor-widget elementor-widget-image\" data-id=\"28cb376\" data-element_type=\"widget\" data-widget_type=\"image.default\">\n\t\t\t\t\t\t\t\t\t\t\t\t\t\t\t<img decoding=\"async\" width=\"1024\" height=\"683\" src=\"https:\/\/dmcarkyapi.com\/wp-content\/uploads\/2025\/06\/modern-business-skyscrapers-seen-from-window-scaled-1-1024x683.jpg\" class=\"attachment-large size-large wp-image-3408\" alt=\"\" srcset=\"https:\/\/dmcarkyapi.com\/wp-content\/uploads\/2025\/06\/modern-business-skyscrapers-seen-from-window-scaled-1-1024x683.jpg 1024w, https:\/\/dmcarkyapi.com\/wp-content\/uploads\/2025\/06\/modern-business-skyscrapers-seen-from-window-scaled-1-768x512.jpg 768w, https:\/\/dmcarkyapi.com\/wp-content\/uploads\/2025\/06\/modern-business-skyscrapers-seen-from-window-scaled-1-640x427.jpg 640w, https:\/\/dmcarkyapi.com\/wp-content\/uploads\/2025\/06\/modern-business-skyscrapers-seen-from-window-scaled-1-400x267.jpg 400w, https:\/\/dmcarkyapi.com\/wp-content\/uploads\/2025\/06\/modern-business-skyscrapers-seen-from-window-scaled-1-367x245.jpg 367w\" sizes=\"(max-width: 1024px) 100vw, 1024px\" \/>\t\t\t\t\t\t\t\t\t\t\t\t\t\t\t<\/div>\n\t\t\t\t<\/div>\n\t\t\t\t\t<\/div>\n\t\t\t\t<\/div>\n\t\t<div class=\"elementor-element elementor-element-13c6b11 e-flex e-con-boxed e-con e-parent\" data-id=\"13c6b11\" data-element_type=\"container\">\r\n\t\t\t\t\t<div class=\"e-con-inner\">\r\n\t\t<div class=\"elementor-element elementor-element-e5e8a3b e-con-full e-flex e-con e-child\" data-id=\"e5e8a3b\" data-element_type=\"container\">\r\n\t\t\t\t<div class=\"elementor-element elementor-element-83e320a elementor-widget elementor-widget-image\" data-id=\"83e320a\" data-element_type=\"widget\" data-widget_type=\"image.default\">\n\t\t\t\t\t\t\t\t\t\t\t\t\t\t\t<img fetchpriority=\"high\" decoding=\"async\" width=\"740\" height=\"740\" src=\"https:\/\/dmcarkyapi.com\/wp-content\/uploads\/2025\/06\/1-3.jpg\" class=\"attachment-large size-large wp-image-3410\" alt=\"\" srcset=\"https:\/\/dmcarkyapi.com\/wp-content\/uploads\/2025\/06\/1-3.jpg 740w, https:\/\/dmcarkyapi.com\/wp-content\/uploads\/2025\/06\/1-3-640x640.jpg 640w, https:\/\/dmcarkyapi.com\/wp-content\/uploads\/2025\/06\/1-3-400x400.jpg 400w, https:\/\/dmcarkyapi.com\/wp-content\/uploads\/2025\/06\/1-3-560x560.jpg 560w, https:\/\/dmcarkyapi.com\/wp-content\/uploads\/2025\/06\/1-3-367x367.jpg 367w\" sizes=\"(max-width: 740px) 100vw, 740px\" \/>\t\t\t\t\t\t\t\t\t\t\t\t\t\t\t<\/div>\n\t\t\t\t<\/div>\n\t\t<div class=\"elementor-element elementor-element-a3731ca e-con-full e-flex e-con e-child\" data-id=\"a3731ca\" data-element_type=\"container\">\r\n\t\t\t\t<div class=\"elementor-element elementor-element-a9e817c elementor-widget elementor-widget-heading\" data-id=\"a9e817c\" data-element_type=\"widget\" data-widget_type=\"heading.default\">\n\t\t\t\t\t<h2 class=\"elementor-heading-title elementor-size-default\">Hayalinizdeki evi Sakarya\u2019da birlikte bulal\u0131m!<\/h2>\t\t\t\t<\/div>\n\t\t\t\t<div class=\"elementor-element elementor-element-49939f3 elementor-widget__width-initial elementor-widget elementor-widget-text-editor\" data-id=\"49939f3\" data-element_type=\"widget\" data-widget_type=\"text-editor.default\">\n\t\t\t\t\t\t\t\t\t<div class=\"elementor-element elementor-element-35d3cc2 elementor-widget__width-initial elementor-widget elementor-widget-text-editor\" data-id=\"35d3cc2\" data-element_type=\"widget\" data-widget_type=\"text-editor.default\"><div class=\"elementor-element elementor-element-35d3cc2 elementor-widget__width-initial elementor-widget elementor-widget-text-editor\" data-id=\"35d3cc2\" data-element_type=\"widget\" data-widget_type=\"text-editor.default\"><p><strong data-start=\"190\" data-end=\"206\">Dmc Ark Yap\u0131<\/strong>\u00a0olarak, hayalinizdeki ya\u015fam alan\u0131n\u0131 ger\u00e7e\u011fe d\u00f6n\u00fc\u015ft\u00fcrmek i\u00e7in buraday\u0131z. Sakarya genelinde konut, villa ve daire projelerinde uzman ekibimizle g\u00fcvenilir, estetik ve konforlu \u00e7\u00f6z\u00fcmler sunuyoruz.<\/p><\/div><\/div>\t\t\t\t\t\t\t\t<\/div>\n\t\t\t\t<div class=\"elementor-element elementor-element-68a966f elementor-align-center elementor-widget elementor-widget-button\" data-id=\"68a966f\" data-element_type=\"widget\" data-widget_type=\"button.default\">\n\t\t\t\t\t\t\t\t\t\t<a class=\"elementor-button elementor-button-link elementor-size-sm\" href=\"https:\/\/dmcarkyapi.com\/?page_id=61\">\n\t\t\t\t\t\t<span class=\"elementor-button-content-wrapper\">\n\t\t\t\t\t\t\t\t\t<span class=\"elementor-button-text\">Buraya t\u0131kla<\/span>\n\t\t\t\t\t<\/span>\n\t\t\t\t\t<\/a>\n\t\t\t\t\t\t\t\t<\/div>\n\t\t\t\t<\/div>\n\t\t\t\t\t<\/div>\n\t\t\t\t<\/div>\n\t\t<div class=\"elementor-element elementor-element-1e507dd e-flex e-con-boxed e-con e-parent\" data-id=\"1e507dd\" data-element_type=\"container\">\r\n\t\t\t\t\t<div class=\"e-con-inner\">\r\n\t\t\t\t<div class=\"elementor-element elementor-element-2baa39a elementor-headline--style-highlight elementor-widget elementor-widget-animated-headline\" data-id=\"2baa39a\" data-element_type=\"widget\" data-settings=\"{&quot;marker&quot;:&quot;underline&quot;,&quot;highlighted_text&quot;:&quot;Konumumuz&quot;,&quot;headline_style&quot;:&quot;highlight&quot;,&quot;highlight_animation_duration&quot;:1200}\" data-widget_type=\"animated-headline.default\">\n\t\t\t\t\t\t\t<h3 class=\"elementor-headline\">\n\t\t\t\t<span class=\"elementor-headline-dynamic-wrapper elementor-headline-text-wrapper\">\n\t\t\t\t\t<span class=\"elementor-headline-dynamic-text elementor-headline-text-active\">Konumumuz<\/span>\n\t\t\t\t<\/span>\n\t\t\t\t<\/h3>\n\t\t\t\t\t\t<\/div>\n\t\t\t\t\t<\/div>\n\t\t\t\t<\/div>\n\t\t<div class=\"elementor-element elementor-element-3bd0817 e-flex e-con-boxed e-con e-parent\" data-id=\"3bd0817\" data-element_type=\"container\">\r\n\t\t\t\t\t<div class=\"e-con-inner\">\r\n\t\t\t\t<div class=\"elementor-element elementor-element-d541b18 elementor-widget elementor-widget-google_maps\" data-id=\"d541b18\" data-element_type=\"widget\" data-widget_type=\"google_maps.default\">\n\t\t\t\t\t\t\t<div class=\"elementor-custom-embed\">\n\t\t\t<iframe loading=\"lazy\"\n\t\t\t\t\tsrc=\"https:\/\/maps.google.com\/maps?q=Dns%20Al%C3%BCmiyum&#038;t=m&#038;z=13&#038;output=embed&#038;iwloc=near\"\n\t\t\t\t\ttitle=\"Dns Al\u00fcmiyum\"\n\t\t\t\t\taria-label=\"Dns Al\u00fcmiyum\"\n\t\t\t><\/iframe>\n\t\t<\/div>\n\t\t\t\t\t\t<\/div>\n\t\t\t\t\t<\/div>\n\t\t\t\t<\/div>\n\t\t\t\t<\/div>\n\t\t","protected":false},"excerpt":{"rendered":"<p>Hakk\u0131m\u0131zda DMC Ark Yap\u0131, in\u015faat ve taahh\u00fct sekt\u00f6r\u00fcnde kalite, g\u00fcven ve esteti\u011fi bir araya getirerek hayal edilen ya\u015fam alanlar\u0131n\u0131 ger\u00e7e\u011fe d\u00f6n\u00fc\u015ft\u00fcrmek amac\u0131yla kurulmu\u015ftur. Kuruldu\u011fu g\u00fcnden bu yana; konut, ticari yap\u0131lar, end\u00fcstriyel tesisler ve altyap\u0131 projelerinde \u00fcstlendi\u011fi t\u00fcm i\u015fleri zaman\u0131nda, eksiksiz ve y\u00fcksek standartlarda teslim etmeyi ilke edinmi\u015ftir. Her projede m\u00fchendislik bilgisiyle estetik anlay\u0131\u015f\u0131n\u0131 birle\u015ftiren firmam\u0131z, [&hellip;]<\/p>\n","protected":false},"author":1,"featured_media":0,"parent":0,"menu_order":0,"comment_status":"closed","ping_status":"closed","template":"","meta":{"footnotes":""},"class_list":["post-3591","page","type-page","status-publish","hentry"],"_links":{"self":[{"href":"https:\/\/dmcarkyapi.com\/index.php?rest_route=\/wp\/v2\/pages\/3591","targetHints":{"allow":["GET"]}}],"collection":[{"href":"https:\/\/dmcarkyapi.com\/index.php?rest_route=\/wp\/v2\/pages"}],"about":[{"href":"https:\/\/dmcarkyapi.com\/index.php?rest_route=\/wp\/v2\/types\/page"}],"author":[{"embeddable":true,"href":"https:\/\/dmcarkyapi.com\/index.php?rest_route=\/wp\/v2\/users\/1"}],"replies":[{"embeddable":true,"href":"https:\/\/dmcarkyapi.com\/index.php?rest_route=%2Fwp%2Fv2%2Fcomments&post=3591"}],"version-history":[{"count":3,"href":"https:\/\/dmcarkyapi.com\/index.php?rest_route=\/wp\/v2\/pages\/3591\/revisions"}],"predecessor-version":[{"id":3845,"href":"https:\/\/dmcarkyapi.com\/index.php?rest_route=\/wp\/v2\/pages\/3591\/revisions\/3845"}],"wp:attachment":[{"href":"https:\/\/dmcarkyapi.com\/index.php?rest_route=%2Fwp%2Fv2%2Fmedia&parent=3591"}],"curies":[{"name":"wp","href":"https:\/\/api.w.org\/{rel}","templated":true}]}}