{"id":3137,"date":"2024-02-22T02:35:35","date_gmt":"2024-02-22T02:35:35","guid":{"rendered":"http:\/\/sw-themes.com\/porto_dummy\/?page_id=3137"},"modified":"2025-07-05T21:00:18","modified_gmt":"2025-07-05T21:00:18","slug":"projeler","status":"publish","type":"page","link":"https:\/\/dmcarkyapi.com\/?page_id=3137","title":{"rendered":"Projeler"},"content":{"rendered":"\t\t<div data-elementor-type=\"wp-page\" data-elementor-id=\"3137\" class=\"elementor elementor-3137\" data-elementor-post-type=\"page\">\n\t\t\t\t<div class=\"elementor-element elementor-element-3d67ce3 e-flex e-con-boxed e-con e-parent\" data-id=\"3d67ce3\" data-element_type=\"container\">\r\n\t\t\t\t\t<div class=\"e-con-inner\">\r\n\t\t\t\t<div class=\"elementor-element elementor-element-da4ba4e elementor-invisible elementor-widget elementor-widget-heading\" data-id=\"da4ba4e\" data-element_type=\"widget\" data-settings=\"{&quot;_animation&quot;:&quot;fadeInUp&quot;,&quot;_animation_delay&quot;:&quot;100&quot;}\" data-widget_type=\"heading.default\">\n\t\t\t\t\t<h6 class=\"elementor-heading-title elementor-size-default\">Dmc Ark Yap\u0131<\/h6>\t\t\t\t<\/div>\n\t\t\t\t<div class=\"elementor-element elementor-element-5226851 elementor-headline--style-highlight elementor-widget elementor-widget-animated-headline\" data-id=\"5226851\" data-element_type=\"widget\" data-settings=\"{&quot;marker&quot;:&quot;underline&quot;,&quot;highlighted_text&quot;:&quot;Projeler&quot;,&quot;headline_style&quot;:&quot;highlight&quot;,&quot;highlight_animation_duration&quot;:1200}\" data-widget_type=\"animated-headline.default\">\n\t\t\t\t\t\t\t<h3 class=\"elementor-headline\">\n\t\t\t\t<span class=\"elementor-headline-dynamic-wrapper elementor-headline-text-wrapper\">\n\t\t\t\t\t<span class=\"elementor-headline-dynamic-text elementor-headline-text-active\">Projeler<\/span>\n\t\t\t\t<\/span>\n\t\t\t\t<\/h3>\n\t\t\t\t\t\t<\/div>\n\t\t\t\t\t<\/div>\n\t\t\t\t<\/div>\n\t\t\t\t<div class=\"elementor-section elementor-top-section elementor-element elementor-element-6f0480c6 elementor-section-boxed elementor-section-height-default elementor-section-height-default\" data-id=\"6f0480c6\" data-element_type=\"section\">\r\n\t\t\r\n\t\t\t\t\t\t\t<div class=\"elementor-container elementor-column-gap-no\">\r\n\t\t\t\t\t\t\t\t\t\t\t<div class=\"elementor-column elementor-col-100 elementor-top-column elementor-element elementor-element-6ad82a65\" data-id=\"6ad82a65\" data-element_type=\"column\">\r\n\t\t\t\t\t<div class=\"elementor-widget-wrap elementor-element-populated\">\r\n\t\t\t\t\t\t<div class=\"elementor-element elementor-element-2b7b34d e-flex e-con-boxed e-con e-parent\" data-id=\"2b7b34d\" data-element_type=\"container\">\r\n\t\t\t\t\t<div class=\"e-con-inner\">\r\n\t\t<div class=\"elementor-element elementor-element-e4503de e-con-full e-flex elementor-invisible e-con e-child\" data-id=\"e4503de\" data-element_type=\"container\" data-settings=\"{&quot;animation&quot;:&quot;fadeInLeft&quot;}\">\r\n\t\t\t\t<div class=\"elementor-element elementor-element-2778cb8e elementor-widget elementor-widget-heading\" data-id=\"2778cb8e\" data-element_type=\"widget\" data-widget_type=\"heading.default\">\n\t\t\t\t\t<h3 class=\"elementor-heading-title elementor-size-default\">Proje 1<\/h3>\t\t\t\t<\/div>\n\t\t\t\t<div class=\"elementor-element elementor-element-20d93d6a elementor-widget__width-initial elementor-widget elementor-widget-text-editor\" data-id=\"20d93d6a\" data-element_type=\"widget\" data-widget_type=\"text-editor.default\">\n\t\t\t\t\t\t\t\t\t<p>Sakarya\u2019n\u0131n en prestijli b\u00f6lgelerinden\u00a0<strong data-start=\"156\" data-end=\"168\">Serdivan<\/strong>\u2019da hayata ge\u00e7irilen\u00a0<strong data-start=\"189\" data-end=\"213\">Aral\u0131k Villa Projesi<\/strong>, konfor, mahremiyet ve do\u011fayla i\u00e7 i\u00e7e bir ya\u015fam\u0131 bir araya getiriyor.<\/p>\t\t\t\t\t\t\t\t<\/div>\n\t\t\t\t<div class=\"elementor-element elementor-element-414d6562 elementor-mobile-align-justify elementor-align-justify elementor-widget__width-initial elementor-widget elementor-widget-button\" data-id=\"414d6562\" data-element_type=\"widget\" data-widget_type=\"button.default\">\n\t\t\t\t\t\t\t\t\t\t<a class=\"elementor-button elementor-button-link elementor-size-sm\" href=\"https:\/\/dmcarkyapi.com\/?page_id=3710\">\n\t\t\t\t\t\t<span class=\"elementor-button-content-wrapper\">\n\t\t\t\t\t\t\t\t\t<span class=\"elementor-button-text\">Projeyi G\u00f6r\u00fcnt\u00fcle<\/span>\n\t\t\t\t\t<\/span>\n\t\t\t\t\t<\/a>\n\t\t\t\t\t\t\t\t<\/div>\n\t\t\t\t<\/div>\n\t\t<div class=\"elementor-element elementor-element-2944cd8 e-con-full e-flex e-con e-child\" data-id=\"2944cd8\" data-element_type=\"container\">\r\n\t\t\t\t<div class=\"elementor-element elementor-element-11a6a8ab e-transform elementor-invisible elementor-widget elementor-widget-image\" data-id=\"11a6a8ab\" data-element_type=\"widget\" data-settings=\"{&quot;_animation&quot;:&quot;fadeInUp blur&quot;,&quot;_transform_scale_effect_hover&quot;:{&quot;unit&quot;:&quot;px&quot;,&quot;size&quot;:1.08,&quot;sizes&quot;:[]},&quot;_transform_scale_effect_hover_tablet&quot;:{&quot;unit&quot;:&quot;px&quot;,&quot;size&quot;:&quot;&quot;,&quot;sizes&quot;:[]},&quot;_transform_scale_effect_hover_mobile&quot;:{&quot;unit&quot;:&quot;px&quot;,&quot;size&quot;:&quot;&quot;,&quot;sizes&quot;:[]}}\" data-widget_type=\"image.default\">\n\t\t\t\t\t\t\t\t\t\t\t\t\t\t\t<img decoding=\"async\" src=\"https:\/\/sevilengrup.com\/wp-content\/uploads\/2025\/06\/serdivan-projesi.jpg\" title=\"\" alt=\"\" loading=\"lazy\" \/>\t\t\t\t\t\t\t\t\t\t\t\t\t\t\t<\/div>\n\t\t\t\t<div class=\"elementor-element elementor-element-11d2692 e-transform elementor-invisible elementor-widget elementor-widget-image\" data-id=\"11d2692\" data-element_type=\"widget\" data-settings=\"{&quot;_transform_scale_effect_hover&quot;:{&quot;unit&quot;:&quot;px&quot;,&quot;size&quot;:1.08,&quot;sizes&quot;:[]},&quot;_animation&quot;:&quot;fadeInUp blur&quot;,&quot;_transform_scale_effect_hover_tablet&quot;:{&quot;unit&quot;:&quot;px&quot;,&quot;size&quot;:&quot;&quot;,&quot;sizes&quot;:[]},&quot;_transform_scale_effect_hover_mobile&quot;:{&quot;unit&quot;:&quot;px&quot;,&quot;size&quot;:&quot;&quot;,&quot;sizes&quot;:[]}}\" data-widget_type=\"image.default\">\n\t\t\t\t\t\t\t\t\t\t\t\t\t\t\t<img fetchpriority=\"high\" decoding=\"async\" width=\"2560\" height=\"1440\" src=\"https:\/\/dmcarkyapi.com\/wp-content\/uploads\/2025\/06\/1-1-scaled-1.jpg\" class=\"attachment-full size-full wp-image-3670\" alt=\"\" srcset=\"https:\/\/dmcarkyapi.com\/wp-content\/uploads\/2025\/06\/1-1-scaled-1.jpg 2560w, https:\/\/dmcarkyapi.com\/wp-content\/uploads\/2025\/06\/1-1-scaled-1-1024x576.jpg 1024w, https:\/\/dmcarkyapi.com\/wp-content\/uploads\/2025\/06\/1-1-scaled-1-768x432.jpg 768w, https:\/\/dmcarkyapi.com\/wp-content\/uploads\/2025\/06\/1-1-scaled-1-1536x864.jpg 1536w, https:\/\/dmcarkyapi.com\/wp-content\/uploads\/2025\/06\/1-1-scaled-1-2048x1152.jpg 2048w, https:\/\/dmcarkyapi.com\/wp-content\/uploads\/2025\/06\/1-1-scaled-1-640x360.jpg 640w, https:\/\/dmcarkyapi.com\/wp-content\/uploads\/2025\/06\/1-1-scaled-1-400x225.jpg 400w, https:\/\/dmcarkyapi.com\/wp-content\/uploads\/2025\/06\/1-1-scaled-1-367x206.jpg 367w\" sizes=\"(max-width: 2560px) 100vw, 2560px\" \/>\t\t\t\t\t\t\t\t\t\t\t\t\t\t\t<\/div>\n\t\t\t\t<\/div>\n\t\t\t\t\t<\/div>\n\t\t\t\t<\/div>\n\t\t<div class=\"elementor-element elementor-element-5de4e3dd e-flex e-con-boxed e-con e-parent\" data-id=\"5de4e3dd\" data-element_type=\"container\">\r\n\t\t\t\t\t<div class=\"e-con-inner\">\r\n\t\t<div class=\"elementor-element elementor-element-30a0df3b e-con-full e-flex elementor-invisible e-con e-child\" data-id=\"30a0df3b\" data-element_type=\"container\" data-settings=\"{&quot;animation&quot;:&quot;fadeInLeft&quot;}\">\r\n\t\t\t\t<div class=\"elementor-element elementor-element-197db4aa elementor-widget elementor-widget-heading\" data-id=\"197db4aa\" data-element_type=\"widget\" data-widget_type=\"heading.default\">\n\t\t\t\t\t<h3 class=\"elementor-heading-title elementor-size-default\">Proje 2<\/h3>\t\t\t\t<\/div>\n\t\t\t\t<div class=\"elementor-element elementor-element-359c6b6d elementor-widget__width-initial elementor-widget elementor-widget-text-editor\" data-id=\"359c6b6d\" data-element_type=\"widget\" data-widget_type=\"text-editor.default\">\n\t\t\t\t\t\t\t\t\t<p><strong data-start=\"244\" data-end=\"270\">4 d\u00fckkan ve 22 ofisten<\/strong> olu\u015fan bu modern ticaret kompleksi, i\u015f ya\u015fam\u0131 i\u00e7in ihtiya\u00e7 duyulan t\u00fcm detaylar d\u00fc\u015f\u00fcn\u00fclerek tasarlanm\u0131\u015ft\u0131r.<\/p>\t\t\t\t\t\t\t\t<\/div>\n\t\t\t\t<div class=\"elementor-element elementor-element-a8798d8 elementor-align-justify elementor-mobile-align-justify elementor-widget__width-initial elementor-widget elementor-widget-button\" data-id=\"a8798d8\" data-element_type=\"widget\" data-widget_type=\"button.default\">\n\t\t\t\t\t\t\t\t\t\t<a class=\"elementor-button elementor-button-link elementor-size-sm\" href=\"https:\/\/dmcarkyapi.com\/?page_id=3691\">\n\t\t\t\t\t\t<span class=\"elementor-button-content-wrapper\">\n\t\t\t\t\t\t\t\t\t<span class=\"elementor-button-text\">Projeyi G\u00f6r\u00fcnt\u00fcle<\/span>\n\t\t\t\t\t<\/span>\n\t\t\t\t\t<\/a>\n\t\t\t\t\t\t\t\t<\/div>\n\t\t\t\t<\/div>\n\t\t<div class=\"elementor-element elementor-element-f46cc33 e-con-full e-flex e-con e-child\" data-id=\"f46cc33\" data-element_type=\"container\">\r\n\t\t\t\t<div class=\"elementor-element elementor-element-5ace6fb7 e-transform elementor-invisible elementor-widget elementor-widget-image\" data-id=\"5ace6fb7\" data-element_type=\"widget\" data-settings=\"{&quot;_transform_scale_effect_hover&quot;:{&quot;unit&quot;:&quot;px&quot;,&quot;size&quot;:1.08,&quot;sizes&quot;:[]},&quot;_animation&quot;:&quot;fadeInUp blur&quot;,&quot;_transform_scale_effect_hover_tablet&quot;:{&quot;unit&quot;:&quot;px&quot;,&quot;size&quot;:&quot;&quot;,&quot;sizes&quot;:[]},&quot;_transform_scale_effect_hover_mobile&quot;:{&quot;unit&quot;:&quot;px&quot;,&quot;size&quot;:&quot;&quot;,&quot;sizes&quot;:[]}}\" data-widget_type=\"image.default\">\n\t\t\t\t\t\t\t\t\t\t\t\t\t\t\t<img fetchpriority=\"high\" decoding=\"async\" width=\"2560\" height=\"1440\" src=\"https:\/\/dmcarkyapi.com\/wp-content\/uploads\/2025\/06\/1-1-scaled-1.jpg\" class=\"attachment-full size-full wp-image-3670\" alt=\"\" srcset=\"https:\/\/dmcarkyapi.com\/wp-content\/uploads\/2025\/06\/1-1-scaled-1.jpg 2560w, https:\/\/dmcarkyapi.com\/wp-content\/uploads\/2025\/06\/1-1-scaled-1-1024x576.jpg 1024w, https:\/\/dmcarkyapi.com\/wp-content\/uploads\/2025\/06\/1-1-scaled-1-768x432.jpg 768w, https:\/\/dmcarkyapi.com\/wp-content\/uploads\/2025\/06\/1-1-scaled-1-1536x864.jpg 1536w, https:\/\/dmcarkyapi.com\/wp-content\/uploads\/2025\/06\/1-1-scaled-1-2048x1152.jpg 2048w, https:\/\/dmcarkyapi.com\/wp-content\/uploads\/2025\/06\/1-1-scaled-1-640x360.jpg 640w, https:\/\/dmcarkyapi.com\/wp-content\/uploads\/2025\/06\/1-1-scaled-1-400x225.jpg 400w, https:\/\/dmcarkyapi.com\/wp-content\/uploads\/2025\/06\/1-1-scaled-1-367x206.jpg 367w\" sizes=\"(max-width: 2560px) 100vw, 2560px\" \/>\t\t\t\t\t\t\t\t\t\t\t\t\t\t\t<\/div>\n\t\t\t\t<\/div>\n\t\t\t\t\t<\/div>\n\t\t\t\t<\/div>\n\t\t<div class=\"elementor-element elementor-element-12bc0b9c e-flex e-con-boxed e-con e-parent\" data-id=\"12bc0b9c\" data-element_type=\"container\">\r\n\t\t\t\t\t<div class=\"e-con-inner\">\r\n\t\t<div class=\"elementor-element elementor-element-3a8bb47b e-con-full e-flex elementor-invisible e-con e-child\" data-id=\"3a8bb47b\" data-element_type=\"container\" data-settings=\"{&quot;animation&quot;:&quot;fadeInLeft&quot;}\">\r\n\t\t\t\t<div class=\"elementor-element elementor-element-4c99da50 elementor-widget elementor-widget-heading\" data-id=\"4c99da50\" data-element_type=\"widget\" data-widget_type=\"heading.default\">\n\t\t\t\t\t<h3 class=\"elementor-heading-title elementor-size-default\">Proje 3<\/h3>\t\t\t\t<\/div>\n\t\t\t\t<div class=\"elementor-element elementor-element-f2c21fd elementor-widget__width-initial elementor-widget elementor-widget-text-editor\" data-id=\"f2c21fd\" data-element_type=\"widget\" data-widget_type=\"text-editor.default\">\n\t\t\t\t\t\t\t\t\t<p><strong data-start=\"244\" data-end=\"270\">4 d\u00fckkan ve 22 ofisten<\/strong> olu\u015fan bu modern ticaret kompleksi, i\u015f ya\u015fam\u0131 i\u00e7in ihtiya\u00e7 duyulan t\u00fcm detaylar d\u00fc\u015f\u00fcn\u00fclerek tasarlanm\u0131\u015ft\u0131r.<\/p>\t\t\t\t\t\t\t\t<\/div>\n\t\t\t\t<div class=\"elementor-element elementor-element-140c8aa4 elementor-align-justify elementor-mobile-align-justify elementor-widget__width-initial elementor-widget elementor-widget-button\" data-id=\"140c8aa4\" data-element_type=\"widget\" data-widget_type=\"button.default\">\n\t\t\t\t\t\t\t\t\t\t<a class=\"elementor-button elementor-button-link elementor-size-sm\" href=\"https:\/\/dmcarkyapi.com\/?page_id=3712\">\n\t\t\t\t\t\t<span class=\"elementor-button-content-wrapper\">\n\t\t\t\t\t\t\t\t\t<span class=\"elementor-button-text\">Projeyi G\u00f6r\u00fcnt\u00fcle<\/span>\n\t\t\t\t\t<\/span>\n\t\t\t\t\t<\/a>\n\t\t\t\t\t\t\t\t<\/div>\n\t\t\t\t<\/div>\n\t\t<div class=\"elementor-element elementor-element-4e33f991 e-con-full e-flex e-con e-child\" data-id=\"4e33f991\" data-element_type=\"container\">\r\n\t\t\t\t<div class=\"elementor-element elementor-element-13686c68 e-transform elementor-invisible elementor-widget elementor-widget-image\" data-id=\"13686c68\" data-element_type=\"widget\" data-settings=\"{&quot;_transform_scale_effect_hover&quot;:{&quot;unit&quot;:&quot;px&quot;,&quot;size&quot;:1.08,&quot;sizes&quot;:[]},&quot;_animation&quot;:&quot;fadeInUp blur&quot;,&quot;_transform_scale_effect_hover_tablet&quot;:{&quot;unit&quot;:&quot;px&quot;,&quot;size&quot;:&quot;&quot;,&quot;sizes&quot;:[]},&quot;_transform_scale_effect_hover_mobile&quot;:{&quot;unit&quot;:&quot;px&quot;,&quot;size&quot;:&quot;&quot;,&quot;sizes&quot;:[]}}\" data-widget_type=\"image.default\">\n\t\t\t\t\t\t\t\t\t\t\t\t\t\t\t<img decoding=\"async\" width=\"212\" height=\"300\" src=\"https:\/\/dmcarkyapi.com\/wp-content\/uploads\/2025\/06\/PLAN-scaled-1-212x300.jpg\" class=\"attachment-medium size-medium wp-image-3672\" alt=\"\" \/>\t\t\t\t\t\t\t\t\t\t\t\t\t\t\t<\/div>\n\t\t\t\t<\/div>\n\t\t\t\t\t<\/div>\n\t\t\t\t<\/div>\n\t\t<div class=\"elementor-element elementor-element-66728e94 e-flex e-con-boxed e-con e-parent\" data-id=\"66728e94\" data-element_type=\"container\">\r\n\t\t\t\t\t<div class=\"e-con-inner\">\r\n\t\t<div class=\"elementor-element elementor-element-4e39ffb1 e-con-full e-flex elementor-invisible e-con e-child\" data-id=\"4e39ffb1\" data-element_type=\"container\" data-settings=\"{&quot;animation&quot;:&quot;fadeInLeft&quot;}\">\r\n\t\t\t\t<div class=\"elementor-element elementor-element-32b4b986 elementor-widget elementor-widget-heading\" data-id=\"32b4b986\" data-element_type=\"widget\" data-widget_type=\"heading.default\">\n\t\t\t\t\t<h3 class=\"elementor-heading-title elementor-size-default\">Proje 4<\/h3>\t\t\t\t<\/div>\n\t\t\t\t<div class=\"elementor-element elementor-element-27f4ce3c elementor-widget__width-initial elementor-widget elementor-widget-text-editor\" data-id=\"27f4ce3c\" data-element_type=\"widget\" data-widget_type=\"text-editor.default\">\n\t\t\t\t\t\t\t\t\t<p><strong data-start=\"150\" data-end=\"176\">Sapanca Yan\u0131k Projemiz<\/strong>. Sakarya\u2019n\u0131n do\u011fal g\u00fczellikleriyle \u00fcnl\u00fc il\u00e7esi\u00a0<strong data-start=\"224\" data-end=\"235\">Sapanca<\/strong>\u2019n\u0131n Yan\u0131k b\u00f6lgesinde konumlanan bu \u00f6zel proje, sakin bir ya\u015fam arayanlar i\u00e7in tasarland\u0131.<\/p>\t\t\t\t\t\t\t\t<\/div>\n\t\t\t\t<div class=\"elementor-element elementor-element-7d544091 elementor-align-justify elementor-mobile-align-justify elementor-widget__width-initial elementor-widget elementor-widget-button\" data-id=\"7d544091\" data-element_type=\"widget\" data-widget_type=\"button.default\">\n\t\t\t\t\t\t\t\t\t\t<a class=\"elementor-button elementor-button-link elementor-size-sm\" href=\"https:\/\/dmcarkyapi.com\/?page_id=3708\">\n\t\t\t\t\t\t<span class=\"elementor-button-content-wrapper\">\n\t\t\t\t\t\t\t\t\t<span class=\"elementor-button-text\">Projeyi G\u00f6r\u00fcnt\u00fcle<\/span>\n\t\t\t\t\t<\/span>\n\t\t\t\t\t<\/a>\n\t\t\t\t\t\t\t\t<\/div>\n\t\t\t\t<\/div>\n\t\t<div class=\"elementor-element elementor-element-fd74f52 e-con-full e-flex e-con e-child\" data-id=\"fd74f52\" data-element_type=\"container\">\r\n\t\t\t\t<div class=\"elementor-element elementor-element-6e75d355 e-transform elementor-invisible elementor-widget elementor-widget-image\" data-id=\"6e75d355\" data-element_type=\"widget\" data-settings=\"{&quot;_transform_scale_effect_hover&quot;:{&quot;unit&quot;:&quot;px&quot;,&quot;size&quot;:1.08,&quot;sizes&quot;:[]},&quot;_animation&quot;:&quot;fadeInUp blur&quot;,&quot;_transform_scale_effect_hover_tablet&quot;:{&quot;unit&quot;:&quot;px&quot;,&quot;size&quot;:&quot;&quot;,&quot;sizes&quot;:[]},&quot;_transform_scale_effect_hover_mobile&quot;:{&quot;unit&quot;:&quot;px&quot;,&quot;size&quot;:&quot;&quot;,&quot;sizes&quot;:[]}}\" data-widget_type=\"image.default\">\n\t\t\t\t\t\t\t\t\t\t\t\t\t\t\t<img decoding=\"async\" width=\"1334\" height=\"686\" src=\"https:\/\/dmcarkyapi.com\/wp-content\/uploads\/2025\/06\/WhatsApp-Image-2025-06-02-at-11.58.30-1-1.jpeg\" class=\"attachment-full size-full wp-image-3673\" alt=\"\" srcset=\"https:\/\/dmcarkyapi.com\/wp-content\/uploads\/2025\/06\/WhatsApp-Image-2025-06-02-at-11.58.30-1-1.jpeg 1334w, https:\/\/dmcarkyapi.com\/wp-content\/uploads\/2025\/06\/WhatsApp-Image-2025-06-02-at-11.58.30-1-1-1024x527.jpeg 1024w, https:\/\/dmcarkyapi.com\/wp-content\/uploads\/2025\/06\/WhatsApp-Image-2025-06-02-at-11.58.30-1-1-768x395.jpeg 768w, https:\/\/dmcarkyapi.com\/wp-content\/uploads\/2025\/06\/WhatsApp-Image-2025-06-02-at-11.58.30-1-1-640x329.jpeg 640w, https:\/\/dmcarkyapi.com\/wp-content\/uploads\/2025\/06\/WhatsApp-Image-2025-06-02-at-11.58.30-1-1-400x206.jpeg 400w, https:\/\/dmcarkyapi.com\/wp-content\/uploads\/2025\/06\/WhatsApp-Image-2025-06-02-at-11.58.30-1-1-450x231.jpeg 450w, https:\/\/dmcarkyapi.com\/wp-content\/uploads\/2025\/06\/WhatsApp-Image-2025-06-02-at-11.58.30-1-1-367x189.jpeg 367w\" sizes=\"(max-width: 1334px) 100vw, 1334px\" \/>\t\t\t\t\t\t\t\t\t\t\t\t\t\t\t<\/div>\n\t\t\t\t<\/div>\n\t\t\t\t\t<\/div>\n\t\t\t\t<\/div>\n\t\t<div class=\"elementor-element elementor-element-ab9f930 e-flex e-con-boxed e-con e-parent\" data-id=\"ab9f930\" data-element_type=\"container\">\r\n\t\t\t\t\t<div class=\"e-con-inner\">\r\n\t\t<div class=\"elementor-element elementor-element-b8d1b39 e-con-full e-flex elementor-invisible e-con e-child\" data-id=\"b8d1b39\" data-element_type=\"container\" data-settings=\"{&quot;animation&quot;:&quot;fadeInLeft&quot;}\">\r\n\t\t\t\t<div class=\"elementor-element elementor-element-965f270 elementor-widget elementor-widget-heading\" data-id=\"965f270\" data-element_type=\"widget\" data-widget_type=\"heading.default\">\n\t\t\t\t\t<h3 class=\"elementor-heading-title elementor-size-default\">Proje 5<\/h3>\t\t\t\t<\/div>\n\t\t\t\t<div class=\"elementor-element elementor-element-8440695 elementor-widget__width-initial elementor-widget elementor-widget-text-editor\" data-id=\"8440695\" data-element_type=\"widget\" data-widget_type=\"text-editor.default\">\n\t\t\t\t\t\t\t\t\t<p><strong data-start=\"150\" data-end=\"176\">Sapanca Yan\u0131k Projemiz<\/strong>. Sakarya\u2019n\u0131n do\u011fal g\u00fczellikleriyle \u00fcnl\u00fc il\u00e7esi\u00a0<strong data-start=\"224\" data-end=\"235\">Sapanca<\/strong>\u2019n\u0131n Yan\u0131k b\u00f6lgesinde konumlanan bu \u00f6zel proje, sakin bir ya\u015fam arayanlar i\u00e7in tasarland\u0131.<\/p>\t\t\t\t\t\t\t\t<\/div>\n\t\t\t\t<div class=\"elementor-element elementor-element-40b172a elementor-align-justify elementor-mobile-align-justify elementor-widget__width-initial elementor-widget elementor-widget-button\" data-id=\"40b172a\" data-element_type=\"widget\" data-widget_type=\"button.default\">\n\t\t\t\t\t\t\t\t\t\t<a class=\"elementor-button elementor-button-link elementor-size-sm\" href=\"https:\/\/dmcarkyapi.com\/?page_id=3714\">\n\t\t\t\t\t\t<span class=\"elementor-button-content-wrapper\">\n\t\t\t\t\t\t\t\t\t<span class=\"elementor-button-text\">Projeyi G\u00f6r\u00fcnt\u00fcle<\/span>\n\t\t\t\t\t<\/span>\n\t\t\t\t\t<\/a>\n\t\t\t\t\t\t\t\t<\/div>\n\t\t\t\t<\/div>\n\t\t<div class=\"elementor-element elementor-element-95c0eea e-con-full e-flex e-con e-child\" data-id=\"95c0eea\" data-element_type=\"container\">\r\n\t\t\t\t<div class=\"elementor-element elementor-element-53baaf0 e-transform elementor-invisible elementor-widget elementor-widget-image\" data-id=\"53baaf0\" data-element_type=\"widget\" data-settings=\"{&quot;_transform_scale_effect_hover&quot;:{&quot;unit&quot;:&quot;px&quot;,&quot;size&quot;:1.08,&quot;sizes&quot;:[]},&quot;_animation&quot;:&quot;fadeInUp blur&quot;,&quot;_transform_scale_effect_hover_tablet&quot;:{&quot;unit&quot;:&quot;px&quot;,&quot;size&quot;:&quot;&quot;,&quot;sizes&quot;:[]},&quot;_transform_scale_effect_hover_mobile&quot;:{&quot;unit&quot;:&quot;px&quot;,&quot;size&quot;:&quot;&quot;,&quot;sizes&quot;:[]}}\" data-widget_type=\"image.default\">\n\t\t\t\t\t\t\t\t\t\t\t\t\t\t\t<img loading=\"lazy\" decoding=\"async\" width=\"217\" height=\"300\" src=\"https:\/\/dmcarkyapi.com\/wp-content\/uploads\/2025\/06\/5-scaled-1-217x300.jpg\" class=\"attachment-medium size-medium wp-image-3674\" alt=\"\" \/>\t\t\t\t\t\t\t\t\t\t\t\t\t\t\t<\/div>\n\t\t\t\t<\/div>\n\t\t\t\t\t<\/div>\n\t\t\t\t<\/div>\n\t\t\t\t\t<\/div>\r\n\t\t\t\t<\/div>\r\n\t\t\t\t\t<\/div>\r\n\t\t\t\t<\/div>\r\n\t\t\t\t<\/div>\n\t\t","protected":false},"excerpt":{"rendered":"<p>Dmc Ark Yap\u0131 Projeler Proje 1 Sakarya\u2019n\u0131n en prestijli b\u00f6lgelerinden\u00a0Serdivan\u2019da hayata ge\u00e7irilen\u00a0Aral\u0131k Villa Projesi, konfor, mahremiyet ve do\u011fayla i\u00e7 i\u00e7e bir ya\u015fam\u0131 bir araya getiriyor. Projeyi G\u00f6r\u00fcnt\u00fcle Proje 2 4 d\u00fckkan ve 22 ofisten olu\u015fan bu modern ticaret kompleksi, i\u015f ya\u015fam\u0131 i\u00e7in ihtiya\u00e7 duyulan t\u00fcm detaylar d\u00fc\u015f\u00fcn\u00fclerek tasarlanm\u0131\u015ft\u0131r. Projeyi G\u00f6r\u00fcnt\u00fcle Proje 3 4 d\u00fckkan ve [&hellip;]<\/p>\n","protected":false},"author":1,"featured_media":0,"parent":0,"menu_order":0,"comment_status":"closed","ping_status":"closed","template":"","meta":{"footnotes":""},"class_list":["post-3137","page","type-page","status-publish","hentry"],"_links":{"self":[{"href":"https:\/\/dmcarkyapi.com\/index.php?rest_route=\/wp\/v2\/pages\/3137","targetHints":{"allow":["GET"]}}],"collection":[{"href":"https:\/\/dmcarkyapi.com\/index.php?rest_route=\/wp\/v2\/pages"}],"about":[{"href":"https:\/\/dmcarkyapi.com\/index.php?rest_route=\/wp\/v2\/types\/page"}],"author":[{"embeddable":true,"href":"https:\/\/dmcarkyapi.com\/index.php?rest_route=\/wp\/v2\/users\/1"}],"replies":[{"embeddable":true,"href":"https:\/\/dmcarkyapi.com\/index.php?rest_route=%2Fwp%2Fv2%2Fcomments&post=3137"}],"version-history":[{"count":12,"href":"https:\/\/dmcarkyapi.com\/index.php?rest_route=\/wp\/v2\/pages\/3137\/revisions"}],"predecessor-version":[{"id":3886,"href":"https:\/\/dmcarkyapi.com\/index.php?rest_route=\/wp\/v2\/pages\/3137\/revisions\/3886"}],"wp:attachment":[{"href":"https:\/\/dmcarkyapi.com\/index.php?rest_route=%2Fwp%2Fv2%2Fmedia&parent=3137"}],"curies":[{"name":"wp","href":"https:\/\/api.w.org\/{rel}","templated":true}]}}